{"id":2,"date":"2021-04-07T10:48:31","date_gmt":"2021-04-07T08:48:31","guid":{"rendered":"http:\/\/fotofestiwal.com\/nowa\/?page_id=2"},"modified":"2026-03-24T00:40:03","modified_gmt":"2026-03-23T23:40:03","slug":"strona-glowna","status":"publish","type":"page","link":"https:\/\/fotofestiwal.com\/2025\/","title":{"rendered":"Strona g\u0142\u00f3wna"},"content":{"rendered":"","protected":false},"excerpt":{"rendered":"","protected":false},"author":1,"featured_media":0,"parent":0,"menu_order":1,"comment_status":"closed","ping_status":"open","template":"templates\/home.php","meta":{"_acf_changed":false,"inline_featured_image":false,"footnotes":""},"class_list":["post-2","page","type-page","status-publish","hentry"],"acf":[],"yoast_head":"<!-- This site is optimized with the Yoast SEO plugin v24.1 - https:\/\/yoast.com\/wordpress\/plugins\/seo\/ -->\n<title>Strona g\u0142\u00f3wna - Fotofestiwal 2025<\/title>\n<meta name=\"description\" content=\"Najwi\u0119ksza i najstarsza impreza fotograficzna w Polsce. Kilkadziesi\u0105t wystaw na terenie ca\u0142ego miasta, przegl\u0105d zjawisk \u015bwiatowej fotografii\" \/>\n<meta name=\"robots\" content=\"index, follow, max-snippet:-1, max-image-preview:large, max-video-preview:-1\" \/>\n<link rel=\"canonical\" href=\"https:\/\/fotofestiwal.com\/2025\/\" \/>\n<meta property=\"og:locale\" content=\"pl_PL\" \/>\n<meta property=\"og:type\" content=\"article\" \/>\n<meta property=\"og:title\" content=\"Fotofestiwal\" \/>\n<meta property=\"og:description\" content=\"Mi\u0119dzynarodowy Festiwal Fotografii w \u0141odzi\" \/>\n<meta property=\"og:url\" content=\"https:\/\/fotofestiwal.com\/2025\/\" \/>\n<meta property=\"og:site_name\" content=\"Fotofestiwal 2025\" \/>\n<meta property=\"article:modified_time\" content=\"2026-03-23T23:40:03+00:00\" \/>\n<meta name=\"twitter:card\" content=\"summary_large_image\" \/>\n<script type=\"application\/ld+json\" class=\"yoast-schema-graph\">{\"@context\":\"https:\/\/schema.org\",\"@graph\":[{\"@type\":\"WebPage\",\"@id\":\"https:\/\/fotofestiwal.com\/2025\/\",\"url\":\"https:\/\/fotofestiwal.com\/2025\/\",\"name\":\"Strona g\u0142\u00f3wna - Fotofestiwal 2025\",\"isPartOf\":{\"@id\":\"https:\/\/fotofestiwal.com\/2025\/#website\"},\"datePublished\":\"2021-04-07T08:48:31+00:00\",\"dateModified\":\"2026-03-23T23:40:03+00:00\",\"description\":\"Najwi\u0119ksza i najstarsza impreza fotograficzna w Polsce. Kilkadziesi\u0105t wystaw na terenie ca\u0142ego miasta, przegl\u0105d zjawisk \u015bwiatowej fotografii\",\"breadcrumb\":{\"@id\":\"https:\/\/fotofestiwal.com\/2025\/#breadcrumb\"},\"inLanguage\":\"pl-PL\",\"potentialAction\":[{\"@type\":\"ReadAction\",\"target\":[\"https:\/\/fotofestiwal.com\/2025\/\"]}]},{\"@type\":\"BreadcrumbList\",\"@id\":\"https:\/\/fotofestiwal.com\/2025\/#breadcrumb\",\"itemListElement\":[{\"@type\":\"ListItem\",\"position\":1,\"name\":\"Strona g\u0142\u00f3wna\",\"item\":\"https:\/\/fotofestiwal.com\/2025\/\"},{\"@type\":\"ListItem\",\"position\":2,\"name\":\"Strona g\u0142\u00f3wna\"}]},{\"@type\":\"WebSite\",\"@id\":\"https:\/\/fotofestiwal.com\/2025\/#website\",\"url\":\"https:\/\/fotofestiwal.com\/2025\/\",\"name\":\"Fotofestiwal 2025\",\"description\":\"Festiwal odbywa si\u0119 w \u0141odzi \u2013 mie\u015bcie z niezwyk\u0142\u0105 przemys\u0142ow\u0105 histori\u0105, kt\u00f3ra od pocz\u0105tku jest dla organizator\u00f3w inspiracj\u0105.\",\"potentialAction\":[{\"@type\":\"SearchAction\",\"target\":{\"@type\":\"EntryPoint\",\"urlTemplate\":\"https:\/\/fotofestiwal.com\/2025\/?s={search_term_string}\"},\"query-input\":{\"@type\":\"PropertyValueSpecification\",\"valueRequired\":true,\"valueName\":\"search_term_string\"}}],\"inLanguage\":\"pl-PL\"}]}<\/script>\n<!-- \/ Yoast SEO plugin. -->","yoast_head_json":{"title":"Strona g\u0142\u00f3wna - Fotofestiwal 2025","description":"Najwi\u0119ksza i najstarsza impreza fotograficzna w Polsce. Kilkadziesi\u0105t wystaw na terenie ca\u0142ego miasta, przegl\u0105d zjawisk \u015bwiatowej fotografii","robots":{"index":"index","follow":"follow","max-snippet":"max-snippet:-1","max-image-preview":"max-image-preview:large","max-video-preview":"max-video-preview:-1"},"canonical":"https:\/\/fotofestiwal.com\/2025\/","og_locale":"pl_PL","og_type":"article","og_title":"Fotofestiwal","og_description":"Mi\u0119dzynarodowy Festiwal Fotografii w \u0141odzi","og_url":"https:\/\/fotofestiwal.com\/2025\/","og_site_name":"Fotofestiwal 2025","article_modified_time":"2026-03-23T23:40:03+00:00","twitter_card":"summary_large_image","schema":{"@context":"https:\/\/schema.org","@graph":[{"@type":"WebPage","@id":"https:\/\/fotofestiwal.com\/2025\/","url":"https:\/\/fotofestiwal.com\/2025\/","name":"Strona g\u0142\u00f3wna - Fotofestiwal 2025","isPartOf":{"@id":"https:\/\/fotofestiwal.com\/2025\/#website"},"datePublished":"2021-04-07T08:48:31+00:00","dateModified":"2026-03-23T23:40:03+00:00","description":"Najwi\u0119ksza i najstarsza impreza fotograficzna w Polsce. Kilkadziesi\u0105t wystaw na terenie ca\u0142ego miasta, przegl\u0105d zjawisk \u015bwiatowej fotografii","breadcrumb":{"@id":"https:\/\/fotofestiwal.com\/2025\/#breadcrumb"},"inLanguage":"pl-PL","potentialAction":[{"@type":"ReadAction","target":["https:\/\/fotofestiwal.com\/2025\/"]}]},{"@type":"BreadcrumbList","@id":"https:\/\/fotofestiwal.com\/2025\/#breadcrumb","itemListElement":[{"@type":"ListItem","position":1,"name":"Strona g\u0142\u00f3wna","item":"https:\/\/fotofestiwal.com\/2025\/"},{"@type":"ListItem","position":2,"name":"Strona g\u0142\u00f3wna"}]},{"@type":"WebSite","@id":"https:\/\/fotofestiwal.com\/2025\/#website","url":"https:\/\/fotofestiwal.com\/2025\/","name":"Fotofestiwal 2025","description":"Festiwal odbywa si\u0119 w \u0141odzi \u2013 mie\u015bcie z niezwyk\u0142\u0105 przemys\u0142ow\u0105 histori\u0105, kt\u00f3ra od pocz\u0105tku jest dla organizator\u00f3w inspiracj\u0105.","potentialAction":[{"@type":"SearchAction","target":{"@type":"EntryPoint","urlTemplate":"https:\/\/fotofestiwal.com\/2025\/?s={search_term_string}"},"query-input":{"@type":"PropertyValueSpecification","valueRequired":true,"valueName":"search_term_string"}}],"inLanguage":"pl-PL"}]}},"_links":{"self":[{"href":"https:\/\/fotofestiwal.com\/2025\/wp-json\/wp\/v2\/pages\/2","targetHints":{"allow":["GET"]}}],"collection":[{"href":"https:\/\/fotofestiwal.com\/2025\/wp-json\/wp\/v2\/pages"}],"about":[{"href":"https:\/\/fotofestiwal.com\/2025\/wp-json\/wp\/v2\/types\/page"}],"author":[{"embeddable":true,"href":"https:\/\/fotofestiwal.com\/2025\/wp-json\/wp\/v2\/users\/1"}],"replies":[{"embeddable":true,"href":"https:\/\/fotofestiwal.com\/2025\/wp-json\/wp\/v2\/comments?post=2"}],"version-history":[{"count":522,"href":"https:\/\/fotofestiwal.com\/2025\/wp-json\/wp\/v2\/pages\/2\/revisions"}],"predecessor-version":[{"id":12133,"href":"https:\/\/fotofestiwal.com\/2025\/wp-json\/wp\/v2\/pages\/2\/revisions\/12133"}],"wp:attachment":[{"href":"https:\/\/fotofestiwal.com\/2025\/wp-json\/wp\/v2\/media?parent=2"}],"curies":[{"name":"wp","href":"https:\/\/api.w.org\/{rel}","templated":true}]}}