{"id":199,"date":"2021-05-13T17:03:23","date_gmt":"2021-05-13T15:03:23","guid":{"rendered":"http:\/\/fotofestiwal.com\/nowa\/?page_id=199"},"modified":"2021-05-13T17:14:28","modified_gmt":"2021-05-13T15:14:28","slug":"colin-delfosse","status":"publish","type":"page","link":"https:\/\/fotofestiwal.com\/2022\/open-call\/colin-delfosse\/","title":{"rendered":"Colin Delfosse"},"content":{"rendered":"\n<p>Oto arty\u015bci, kt\u00f3rzy na ulicach Kinszasy \u2013 trzeciego co do wielko\u015bci miasta na kontynencie \u2013 staraj\u0105 si\u0119 zwi\u0119ksza\u0107&nbsp;\u015bwiadomo\u015b\u0107 mieszka\u0144c\u00f3w na temat wyzwa\u0144 stoj\u0105cych przed stolic\u0105 Konga. Przetwarzaj\u0105 \u015bmieci na kostiumy,&nbsp;zwracaj\u0105c w ten spos\u00f3b uwag\u0119 widz\u00f3w na post\u0119puj\u0105c\u0105 degradacj\u0119 \u015brodowiska. Wyst\u0119puj\u0105 na ulicy jako&nbsp;kolektyw i krytycznie odnosz\u0105 si\u0119 do problem\u00f3w dotykaj\u0105cych spo\u0142ecze\u0144stwo takich jak: brak opieki&nbsp;zdrowotnej, zanieczyszczenie, wycinki las\u00f3w i nadmierna konsumpcja. Inicjuj\u0105 dialog z mieszka\u0144cami miasta,&nbsp;umiej\u0119tnie splataj\u0105c kultur\u0119 miejsk\u0105 i symboliczne rytua\u0142y.&nbsp;Eksplozja demograficzna tej gigantycznej aglomeracji w po\u0142\u0105czeniu z rosn\u0105cymi potrzebami mieszka\u0144c\u00f3w,&nbsp;globalnymi tendencjami w gospodarce i du\u017cym popytem na plastik jednorazowego u\u017cytku doprowadzi\u0142y do&nbsp;masowego importu d\u00f3br konsumpcyjnych, powoduj\u0105c spustoszenie \u015brodowiska. Skutki tych dzia\u0142a\u0144 wyra\u017cane&nbsp;w liczbach s\u0105 bardzo niepokoj\u0105ce: 13 milion\u00f3w mieszka\u0144c\u00f3w generuje codziennie a\u017c 7 ton odpad\u00f3w.&nbsp;Najbardziej dotkni\u0119te tym problemem s\u0105 biedne dzielnice, co powoduje jeszcze wi\u0119ksze pog\u0142\u0119bienie&nbsp;nier\u00f3wno\u015bci. Proste, kolonialne miasteczko, kt\u00f3rego ludno\u015b\u0107 liczy\u0142a jeszcze pod koniec lat pi\u0119\u0107dziesi\u0105tych XX&nbsp;wieku 200 tysi\u0119cy mieszka\u0144c\u00f3w, po uzyskaniu niepodleg\u0142o\u015bci we wczesnych latach sze\u015b\u0107dziesi\u0105tych sta\u0142o si\u0119&nbsp;nagle g\u0142\u00f3wnym o\u015brodkiem w kraju. Dwie wojny i ci\u0105g\u0142a niepewno\u015b\u0107 wyprowadzi\u0142y miliony ludzi na drogi&nbsp;prowadz\u0105ce do Kinszasy. Poza \u015bcis\u0142ym centrum miasta, stolica jest w zasadzie wielk\u0105, nieko\u0144cz\u0105c\u0105 si\u0119 wiosk\u0105&nbsp;pozbawion\u0105 jakiejkolwiek infrastruktury. W\u0142adze pa\u0144stwa nie s\u0105 w stanie upora\u0107 si\u0119 z podstawowymi&nbsp;wyzwaniami, takimi jak drogi, \u015bcieki i elektryczno\u015b\u0107. Ci arty\u015bci niejako na nowo uciele\u015bniaj\u0105 swoje miasto i&nbsp;tworz\u0105 dla\u0144 wsp\u00f3\u0142czesne mity. Tradycyjne, ludowe maski symbolizuj\u0105 podstawowe wyzwania zwi\u0105zane z&nbsp;ochron\u0105 \u015brodowiska naturalnego, stawiaj\u0105c pod znakiem zapytania prawdziw\u0105 warto\u015b\u0107 nowoczesno\u015bci.<\/p>\n\n\n\n<p>Urodzony w 1981 roku&nbsp;<strong>Colin Delfosse<\/strong>&nbsp;dorasta\u0142 w Brukseli, gdzie obecnie mieszka. Po uko\u0144czeniu&nbsp;dziennikarstwa, w 2006 roku zaj\u0105\u0142 si\u0119 fotografi\u0105 dokumentaln\u0105 i sta\u0142 si\u0119 wsp\u00f3\u0142za\u0142o\u017cycielem kolektywu&nbsp;pracuj\u0105cego w\u00f3wczas z r\u00f3\u017cnymi agencjami. Jako niezale\u017cny fotograf koncentruje si\u0119 na osobistych,&nbsp;d\u0142ugoterminowych projektach w Afryce \u015arodkowej. Po pierwszym zleceniu w Demokratycznej Republice Konga&nbsp;(DRK) obejmuj\u0105cym wybory w 2006 r. cz\u0119sto wraca\u0142 do DRK, koncentruj\u0105c si\u0119 na kwestiach spo\u0142ecznych i<br>bie\u017c\u0105cych wydarzeniach w regionie. Jego prace by\u0142y pokazywane na festiwalach i publikowane w gazetach i&nbsp;magazynach takich jak: \u201eThe New York Times\u201d, \u201eLe Monde\u201d, \u201eL&amp;#39;Internazionale\u201d i \u201eJeune Afrique\u201d. Od 2015 roku&nbsp;Colin Delfosse pracuje r\u00f3wnie\u017c jako fotoedytor w belgijskim magazynie \u201eM\u00e9dor\u201d (www.medor.coop), kt\u00f3rego&nbsp;jest wsp\u00f3\u0142za\u0142o\u017cycielem.<\/p>\n","protected":false},"excerpt":{"rendered":"<p>Oto arty\u015bci, kt\u00f3rzy na ulicach Kinszasy \u2013 trzeciego co do wielko\u015bci miasta na kontynencie \u2013 staraj\u0105 si\u0119 zwi\u0119ksza\u0107&nbsp;\u015bwiadomo\u015b\u0107 mieszka\u0144c\u00f3w na [&hellip;]<\/p>\n","protected":false},"author":1,"featured_media":200,"parent":52,"menu_order":29,"comment_status":"closed","ping_status":"closed","template":"templates\/opencall-wpis.php","meta":{"footnotes":""},"class_list":["post-199","page","type-page","status-publish","has-post-thumbnail","hentry"],"yoast_head":"<!-- This site is optimized with the Yoast SEO plugin v18.9 - https:\/\/yoast.com\/wordpress\/plugins\/seo\/ -->\n<title>Colin Delfosse - Fotofestiwal 2022<\/title>\n<meta name=\"robots\" content=\"index, follow, max-snippet:-1, max-image-preview:large, max-video-preview:-1\" \/>\n<link rel=\"canonical\" href=\"https:\/\/fotofestiwal.com\/2022\/open-call\/colin-delfosse\/\" \/>\n<meta property=\"og:locale\" content=\"pl_PL\" \/>\n<meta property=\"og:type\" content=\"article\" \/>\n<meta property=\"og:title\" content=\"Colin Delfosse - Fotofestiwal 2022\" \/>\n<meta property=\"og:description\" content=\"Oto arty\u015bci, kt\u00f3rzy na ulicach Kinszasy \u2013 trzeciego co do wielko\u015bci miasta na kontynencie \u2013 staraj\u0105 si\u0119 zwi\u0119ksza\u0107&nbsp;\u015bwiadomo\u015b\u0107 mieszka\u0144c\u00f3w na [&hellip;]\" \/>\n<meta property=\"og:url\" content=\"https:\/\/fotofestiwal.com\/2022\/open-call\/colin-delfosse\/\" \/>\n<meta property=\"og:site_name\" content=\"Fotofestiwal 2022\" \/>\n<meta property=\"article:modified_time\" content=\"2021-05-13T15:14:28+00:00\" \/>\n<meta property=\"og:image\" content=\"https:\/\/fotofestiwal.com\/2022\/wp-content\/uploads\/2021\/05\/Fotofestiwal-2021_Colin-Delfosse_Embodying-Kinshasa_1-Kopiowanie-1-e1620593108987.jpg\" \/>\n\t<meta property=\"og:image:width\" content=\"814\" \/>\n\t<meta property=\"og:image:height\" content=\"542\" \/>\n\t<meta property=\"og:image:type\" content=\"image\/jpeg\" \/>\n<meta name=\"twitter:card\" content=\"summary_large_image\" \/>\n<meta name=\"twitter:label1\" content=\"Szacowany czas czytania\" \/>\n\t<meta name=\"twitter:data1\" content=\"2 minuty\" \/>\n<script type=\"application\/ld+json\" class=\"yoast-schema-graph\">{\"@context\":\"https:\/\/schema.org\",\"@graph\":[{\"@type\":\"WebSite\",\"@id\":\"https:\/\/fotofestiwal.com\/2022\/#website\",\"url\":\"https:\/\/fotofestiwal.com\/2022\/\",\"name\":\"Fotofestiwal 2022\",\"description\":\"Festiwal odbywa si\u0119 w \u0141odzi \u2013 mie\u015bcie z niezwyk\u0142\u0105 przemys\u0142ow\u0105 histori\u0105, kt\u00f3ra od pocz\u0105tku jest dla organizator\u00f3w inspiracj\u0105.\",\"potentialAction\":[{\"@type\":\"SearchAction\",\"target\":{\"@type\":\"EntryPoint\",\"urlTemplate\":\"https:\/\/fotofestiwal.com\/2022\/?s={search_term_string}\"},\"query-input\":\"required name=search_term_string\"}],\"inLanguage\":\"pl-PL\"},{\"@type\":\"ImageObject\",\"inLanguage\":\"pl-PL\",\"@id\":\"https:\/\/fotofestiwal.com\/2022\/open-call\/colin-delfosse\/#primaryimage\",\"url\":\"https:\/\/fotofestiwal.com\/2022\/wp-content\/uploads\/2021\/05\/Fotofestiwal-2021_Colin-Delfosse_Embodying-Kinshasa_1-Kopiowanie-1-e1620593108987.jpg\",\"contentUrl\":\"https:\/\/fotofestiwal.com\/2022\/wp-content\/uploads\/2021\/05\/Fotofestiwal-2021_Colin-Delfosse_Embodying-Kinshasa_1-Kopiowanie-1-e1620593108987.jpg\",\"width\":814,\"height\":542,\"caption\":\"Picture 006\"},{\"@type\":\"WebPage\",\"@id\":\"https:\/\/fotofestiwal.com\/2022\/open-call\/colin-delfosse\/#webpage\",\"url\":\"https:\/\/fotofestiwal.com\/2022\/open-call\/colin-delfosse\/\",\"name\":\"Colin Delfosse - Fotofestiwal 2022\",\"isPartOf\":{\"@id\":\"https:\/\/fotofestiwal.com\/2022\/#website\"},\"primaryImageOfPage\":{\"@id\":\"https:\/\/fotofestiwal.com\/2022\/open-call\/colin-delfosse\/#primaryimage\"},\"datePublished\":\"2021-05-13T15:03:23+00:00\",\"dateModified\":\"2021-05-13T15:14:28+00:00\",\"breadcrumb\":{\"@id\":\"https:\/\/fotofestiwal.com\/2022\/open-call\/colin-delfosse\/#breadcrumb\"},\"inLanguage\":\"pl-PL\",\"potentialAction\":[{\"@type\":\"ReadAction\",\"target\":[\"https:\/\/fotofestiwal.com\/2022\/open-call\/colin-delfosse\/\"]}]},{\"@type\":\"BreadcrumbList\",\"@id\":\"https:\/\/fotofestiwal.com\/2022\/open-call\/colin-delfosse\/#breadcrumb\",\"itemListElement\":[{\"@type\":\"ListItem\",\"position\":1,\"name\":\"Strona g\u0142\u00f3wna\",\"item\":\"https:\/\/fotofestiwal.com\/2022\/\"},{\"@type\":\"ListItem\",\"position\":2,\"name\":\"Open Call 2023\",\"item\":\"https:\/\/fotofestiwal.com\/2022\/open-call\/\"},{\"@type\":\"ListItem\",\"position\":3,\"name\":\"Colin Delfosse\"}]}]}<\/script>\n<!-- \/ Yoast SEO plugin. -->","yoast_head_json":{"title":"Colin Delfosse - Fotofestiwal 2022","robots":{"index":"index","follow":"follow","max-snippet":"max-snippet:-1","max-image-preview":"max-image-preview:large","max-video-preview":"max-video-preview:-1"},"canonical":"https:\/\/fotofestiwal.com\/2022\/open-call\/colin-delfosse\/","og_locale":"pl_PL","og_type":"article","og_title":"Colin Delfosse - Fotofestiwal 2022","og_description":"Oto arty\u015bci, kt\u00f3rzy na ulicach Kinszasy \u2013 trzeciego co do wielko\u015bci miasta na kontynencie \u2013 staraj\u0105 si\u0119 zwi\u0119ksza\u0107&nbsp;\u015bwiadomo\u015b\u0107 mieszka\u0144c\u00f3w na [&hellip;]","og_url":"https:\/\/fotofestiwal.com\/2022\/open-call\/colin-delfosse\/","og_site_name":"Fotofestiwal 2022","article_modified_time":"2021-05-13T15:14:28+00:00","og_image":[{"width":814,"height":542,"url":"https:\/\/fotofestiwal.com\/2022\/wp-content\/uploads\/2021\/05\/Fotofestiwal-2021_Colin-Delfosse_Embodying-Kinshasa_1-Kopiowanie-1-e1620593108987.jpg","type":"image\/jpeg"}],"twitter_card":"summary_large_image","twitter_misc":{"Szacowany czas czytania":"2 minuty"},"schema":{"@context":"https:\/\/schema.org","@graph":[{"@type":"WebSite","@id":"https:\/\/fotofestiwal.com\/2022\/#website","url":"https:\/\/fotofestiwal.com\/2022\/","name":"Fotofestiwal 2022","description":"Festiwal odbywa si\u0119 w \u0141odzi \u2013 mie\u015bcie z niezwyk\u0142\u0105 przemys\u0142ow\u0105 histori\u0105, kt\u00f3ra od pocz\u0105tku jest dla organizator\u00f3w inspiracj\u0105.","potentialAction":[{"@type":"SearchAction","target":{"@type":"EntryPoint","urlTemplate":"https:\/\/fotofestiwal.com\/2022\/?s={search_term_string}"},"query-input":"required name=search_term_string"}],"inLanguage":"pl-PL"},{"@type":"ImageObject","inLanguage":"pl-PL","@id":"https:\/\/fotofestiwal.com\/2022\/open-call\/colin-delfosse\/#primaryimage","url":"https:\/\/fotofestiwal.com\/2022\/wp-content\/uploads\/2021\/05\/Fotofestiwal-2021_Colin-Delfosse_Embodying-Kinshasa_1-Kopiowanie-1-e1620593108987.jpg","contentUrl":"https:\/\/fotofestiwal.com\/2022\/wp-content\/uploads\/2021\/05\/Fotofestiwal-2021_Colin-Delfosse_Embodying-Kinshasa_1-Kopiowanie-1-e1620593108987.jpg","width":814,"height":542,"caption":"Picture 006"},{"@type":"WebPage","@id":"https:\/\/fotofestiwal.com\/2022\/open-call\/colin-delfosse\/#webpage","url":"https:\/\/fotofestiwal.com\/2022\/open-call\/colin-delfosse\/","name":"Colin Delfosse - Fotofestiwal 2022","isPartOf":{"@id":"https:\/\/fotofestiwal.com\/2022\/#website"},"primaryImageOfPage":{"@id":"https:\/\/fotofestiwal.com\/2022\/open-call\/colin-delfosse\/#primaryimage"},"datePublished":"2021-05-13T15:03:23+00:00","dateModified":"2021-05-13T15:14:28+00:00","breadcrumb":{"@id":"https:\/\/fotofestiwal.com\/2022\/open-call\/colin-delfosse\/#breadcrumb"},"inLanguage":"pl-PL","potentialAction":[{"@type":"ReadAction","target":["https:\/\/fotofestiwal.com\/2022\/open-call\/colin-delfosse\/"]}]},{"@type":"BreadcrumbList","@id":"https:\/\/fotofestiwal.com\/2022\/open-call\/colin-delfosse\/#breadcrumb","itemListElement":[{"@type":"ListItem","position":1,"name":"Strona g\u0142\u00f3wna","item":"https:\/\/fotofestiwal.com\/2022\/"},{"@type":"ListItem","position":2,"name":"Open Call 2023","item":"https:\/\/fotofestiwal.com\/2022\/open-call\/"},{"@type":"ListItem","position":3,"name":"Colin Delfosse"}]}]}},"_links":{"self":[{"href":"https:\/\/fotofestiwal.com\/2022\/wp-json\/wp\/v2\/pages\/199","targetHints":{"allow":["GET"]}}],"collection":[{"href":"https:\/\/fotofestiwal.com\/2022\/wp-json\/wp\/v2\/pages"}],"about":[{"href":"https:\/\/fotofestiwal.com\/2022\/wp-json\/wp\/v2\/types\/page"}],"author":[{"embeddable":true,"href":"https:\/\/fotofestiwal.com\/2022\/wp-json\/wp\/v2\/users\/1"}],"replies":[{"embeddable":true,"href":"https:\/\/fotofestiwal.com\/2022\/wp-json\/wp\/v2\/comments?post=199"}],"version-history":[{"count":3,"href":"https:\/\/fotofestiwal.com\/2022\/wp-json\/wp\/v2\/pages\/199\/revisions"}],"predecessor-version":[{"id":228,"href":"https:\/\/fotofestiwal.com\/2022\/wp-json\/wp\/v2\/pages\/199\/revisions\/228"}],"up":[{"embeddable":true,"href":"https:\/\/fotofestiwal.com\/2022\/wp-json\/wp\/v2\/pages\/52"}],"wp:featuredmedia":[{"embeddable":true,"href":"https:\/\/fotofestiwal.com\/2022\/wp-json\/wp\/v2\/media\/200"}],"wp:attachment":[{"href":"https:\/\/fotofestiwal.com\/2022\/wp-json\/wp\/v2\/media?parent=199"}],"curies":[{"name":"wp","href":"https:\/\/api.w.org\/{rel}","templated":true}]}}